{"id":1065,"date":"2017-09-12T14:14:02","date_gmt":"2017-09-12T14:14:02","guid":{"rendered":"https:\/\/www.thelatemgallery.eu\/?page_id=1065"},"modified":"2017-09-22T08:15:20","modified_gmt":"2017-09-22T08:15:20","slug":"about-catherine-thiry_fr","status":"publish","type":"page","link":"https:\/\/www.thelatemgallery.eu\/?page_id=1065","title":{"rendered":"About Catherine Thiry_FR"},"content":{"rendered":"<p><strong>Catherine Thiry \u00b0 <\/strong>Belgium 1962<\/p>\n<p><img loading=\"lazy\" decoding=\"async\" class=\"alignnone size-full wp-image-706\" src=\"https:\/\/www.thelatemgallery.eu\/wp-content\/uploads\/2017\/09\/fr.png\" alt=\"\" width=\"28\" height=\"28\" \/>Apr\u00e8s s\u2019\u00eatre consacr\u00e9e 20 ann\u00e9es (depuis 1986) \u00a0\u00e0 la peinture, dans la continuit\u00e9 de son parcours, Catherine Thiry s\u2019est mise au volume. Depuis 2004, elle travaille la terre pour produire des bronzes. La forme se veut juste, le volume puissant, le relief \u00e9mouvant. Catherine Thiry est dans la sinc\u00e9rit\u00e9 absolue. Elle mod\u00e8le ses pi\u00e8ces avec conviction, et non sans sensibilit\u00e9. On sent l\u2019instant de la cr\u00e9ation dans chaque empreinte, dans l\u2019\u00e9paisseur du geste. On sent le temps d\u2019observation qui lui a \u00e9t\u00e9 n\u00e9cessaire pour trouver l\u2019attitude ultime. On sent enfin son caract\u00e8re \u00e0 la fois humble et fier, digne et modeste. \u00a0Catherine est une modeleuse d\u2019humanit\u00e9. Une humanit\u00e9 faite d\u2019une mati\u00e8re pleine, riche et g\u00e9n\u00e9reuse. A son image\u00a0! \u00a0<strong>F.Wagner<\/strong><\/p>\n<p>Catherine a des mains bless\u00e9es, de travailleur de force, de lavandi\u00e8re ancienne. Elles dansent devant vous quand elle parle. Elle les broie quand elle tresse la carcasse filaire, qui sera l\u2019os<br \/>\net le fil de la neuve chose qu\u2019elle dresse hors de terre. Elle les tient chaudes pour approcher la glaise qu\u2019elle torture et caresse. Elle les noue sur le cou, le dos, le ventre et les joues de ce qui lui sort des doigts : le vif, le beau, chaud. Je n\u2019ai jamais vu Catherine \u00ab \u0153uvrer \u00bb, Je l\u2019imagine seulement, en laissant ses jolies mains carr\u00e9es me dire leur bonheur de \u00ab faire \u00bb.<\/p>\n<p>Catherine sculpte et peint. Elle sculpte comme elle peint et fait le chemin inverse de l\u2019\u0153il \u00e0 la main. Il faut laisser ses \u00e9clats de vie, quasi monochromes sur toile, brutalement \u00e9caill\u00e9s en bronze, surgir d\u2019elle et vous envahir l\u2019\u0153il, le c\u0153ur et la main qui s\u2019avance pour toucher la caresse cr\u00fbe qu\u2019elle leur a donn\u00e9e \u00e0 coups de brosse, \u00e0 coups de doigts, \u00e0 coups de poings parfois. Catherine est une force nature, qui prend \u00e0 bras-le-corps les formes qui germent en elle depuis des lunes , depuis l\u2019enfance. Elle est libre de les tordre ou les tendre \u00e0 son gr\u00e9<br \/>\ncar elle n\u2019a jamais appris, elle a regard\u00e9. Les chevaux, en premier. De tout temps dont elle se souvienne ils furent l\u00e0, \u00e0 la fr\u00f4ler, la dompter et la pousser dans ses derniers retranchements.<br \/>\nD\u2019eux lui sont venus la force, l\u2019\u0153il et la main pour poser hors d\u2019elle, leurs couleurs et mouvements insens\u00e9s qui d\u2019un coup de pinceau devenaient siens. D\u2019eux lui sont venus le geste, l\u2019assurance et la justesse pour modeler \u00e0 son id\u00e9e terre et ciel et couler son image dans le bronze que l\u2019on dirait caboss\u00e9. Ces p\u00e9gases align\u00e9s sont ses mentors, ses passeurs de vie, sa libert\u00e9. Alors, ne lui demandez pas pourquoi elle les peint et les forge car elle serait tent\u00e9e de vous citer Magritte et sa pipe, en toute humilit\u00e9 et sans familiarit\u00e9 .<\/p>\n<p>Catherine ne ressemble \u00e0 rien, elle invente. D\u2019un geste, elle capte le mouvement suspendu d\u2019un homme que le doute blesse, l\u2019intime conviction alanguie d\u2019une \u00ab petite \u00bb, le pas infini d\u2019un poney minuscule ou le regard \u00e9loign\u00e9 d\u2019un \u00abcador\u00bb dont elle ne livre que la t\u00eate \u00e9merg\u00e9e.<br \/>\nDe coup de pouce, il me semble, en coup de poing aussi sans doute, elle taraude la terre, la tord, la plaque, en fait une carapace qui gaine l\u2019instant funambule que son \u0153il a capt\u00e9. Etrangement, le passage au bronze sublime cette instantan\u00e9it\u00e9. Jamais elle ne tombe dans la redite, l\u2019automatisme. Sa libert\u00e9 me sid\u00e8re et me touche. Catherine peint, et sa peinture lui ressemble bien. Libre et mouvante, \u00e9mouvante, comme les regards qu\u2019elle d\u00e9taille, voile ou gomme d\u00e9lib\u00e9r\u00e9ment. L\u00e0 aussi, les chevaux n\u2019en sont pas. Ils d\u00e9boulent, se noient et poudroient dans l\u2019\u00e9clat de couleurs primales, quand les visages humains \u00e9mergent, interrogent ou s\u2019ab\u00eement dans les m\u00eames teintes folles et profondes. Elle tient un rouge affolant, un bleu bouleversant que j\u2019ai envie de nommer centaure ! J\u2019ai le souvenir d\u2019un bleu de ventre de mer pour un \u00abSomewhere\u00bb, cheval malheureusement \u00e9vanoui puisqu\u2019il est vendu\u2026<\/p>\n<p>Catherine sculpte et peint, droit au c\u0153ur. Elle met son bleu \u00e0 l\u2019\u00e2me, mais brandit feu et flammes sans peur, en toute libert\u00e9. Car il y a de l\u2019all\u00e9gresse dans son art et une force p\u00e9n\u00e9trante m\u00eal\u00e9es, qui surgissent d\u2019elle et prennent \u00e0 la gorge comme un chagrin d\u2019enfant.<\/p>\n<p>Je n\u2019ai plus rien \u00e0 dire en mots, je veux laisser ses mains d\u2019ouvri\u00e8re inou\u00efe remuer ciel et terre<br \/>\net la laisser, de ses doigts toucher le c\u0153ur de la couleur du temps. Catherine Thiry se livre \u00e0 nous. Elle nous propose de d\u00e9couvrir son int\u00e9riorit\u00e9,\u00a0 cette part d\u2019elle qui retentit en chacun.<span style=\"font-weight: inherit; font-style: inherit;\">C<\/span><span style=\"font-weight: inherit; font-style: inherit;\">ar tous, nous sommes sujets \u00e0 nos \u00e9motions. Tous, nous sommes orient\u00e9s \u2013 plus ou moins consciemment \u2013 par nos aspirations, nos humeurs, nos rencontres, nos doutes, nos craintes, nos pulsions. Elle, exprime son ressenti par la pratique de son art. Elle traduit en volumes ou en couleurs les courants qui la traversent ; ext\u00e9riorise son sentiment dans un langage visible et palpable.<\/span> Quand elle peint, la d\u00e9marche intellectuelle est sans cesse pr\u00e9sente. Son esprit suit un cours r\u00e9fl\u00e9chi, et ordonne sur la toile les touches qui traduisent, avec application, son intention, qui peut varier en cours de route. Catherine travaille en r\u00e9sonance avec le tableau, et dans les moments qui s\u00e9parent le d\u00e9but d\u2019une \u0153uvre de sa signature, la r\u00e9flexion et l\u2019acte s\u2019accompagnent, s\u2019influencent. Les r\u00e9sultats font mouche : quand je l\u2019ai rencontr\u00e9e et que nous nous sommes amus\u00e9s, tour \u00e0 tour, \u00e0 d\u2019abord deviner ou r\u00e9v\u00e9ler les messages v\u00e9hicul\u00e9s par quelques-unes de ses toiles, nos vues ont chaque fois concord\u00e9, c\u2019\u00e9tait assez incroyable. Syst\u00e9matiquement. Mon interpr\u00e9tation lisait clairement quelles sph\u00e8res de volont\u00e9 l\u2019avaient guid\u00e9e dans ses r\u00e9alisations. Convaincu alors de sa sinc\u00e9rit\u00e9, j\u2019ai eu envie d\u2019aller plus loin dans la d\u00e9couverte du personnage et de son travail. Quand Catherine Thiry est franche, ce n\u2019est pas qu\u2019une attitude.<\/p>\n<p style=\"font-weight: inherit; font-style: inherit;\">A travers la pratique d\u2019une discipline artistique, outre une ma\u00eetrise technique, un artiste d\u00e9veloppe surtout son aptitude \u00e0 observer, \u00e0 s\u2019approprier et \u00e0 rendre. Apr\u00e8s s\u2019\u00eatre consacr\u00e9e 20 ann\u00e9es \u00e0 la peinture, dans la continuit\u00e9 de son parcours, Catherine s\u2019est mise au volume. Depuis 2004, elle travaille la terre pour produire des bronzes. Elle a toujours \u00e9t\u00e9 attir\u00e9e aussi par la sculpture et le jour o\u00f9 Pam, une amie sculptrice s\u00e9duite par ses essais, lui a conseill\u00e9 de faire couler ses modelages, elle a produit une premi\u00e8re s\u00e9rie de pi\u00e8ces qu\u2019elle a apport\u00e9 chez le fondeur Luc Harz\u00e9. Les chemins qu\u2019on emprunte sont riches des rencontres qu\u2019on est pr\u00eat \u00e0 y faire.<\/p>\n<p>Pour ses sculptures, explique-t-elle, le processus est diff\u00e9rent. Ici, ce sont les mains qui prennent le contr\u00f4le. Est-ce parce que l\u2019acte est plus physique ? Je pose la question. Elle refuse cette explication. Ce n\u2019est pas de cet ordre. Simplement, quand elle<br \/>\ns\u2019engage dans un travail de sculpture, \u00e0 un moment elle se \u00abconnecte\u00bb, admet-elle plut\u00f4t. Alors la r\u00e9flexion s\u2019efface, et laisse place \u00e0 l\u2019acte. Sa sensibilit\u00e9 s\u2019exprime, libre, si bien qu\u2019elle n\u2019en ma\u00eetrise pas toujours le cours.<\/p>\n<p style=\"font-weight: inherit; font-style: inherit;\">Elle m\u2019a racont\u00e9 comme il lui est arriv\u00e9 de ne pas pouvoir se contraindre \u00e0 honorer une commande, parce que la terre qu\u2019elle modelait l\u2019avait emmen\u00e9e ailleurs quand on lui avait demand\u00e9 telle expression. Quoi qu\u2019il en soit, quand on comprend les courants qui l\u2019entra\u00eenent, on ne s\u2019\u00e9tonne pas de retrouver dans ses \u0153uvres l\u2019\u00e9quilibre qui la caract\u00e9rise : un caract\u00e8re d\u00e9termin\u00e9 sujet \u00e0 des \u00e9motions fortes. \u00a0<strong>M. Adam<\/strong><\/p>\n<p><a href=\"https:\/\/www.thelatemgallery.eu\/?page_id=307\"><img loading=\"lazy\" decoding=\"async\" class=\"alignnone size-large wp-image-1651\" src=\"https:\/\/www.thelatemgallery.eu\/wp-content\/uploads\/2017\/09\/ArtworkCT-1024x410.jpg\" alt=\"\" width=\"525\" height=\"210\" srcset=\"https:\/\/www.thelatemgallery.eu\/wp-content\/uploads\/2017\/09\/ArtworkCT-1024x410.jpg 1024w, https:\/\/www.thelatemgallery.eu\/wp-content\/uploads\/2017\/09\/ArtworkCT-300x120.jpg 300w, https:\/\/www.thelatemgallery.eu\/wp-content\/uploads\/2017\/09\/ArtworkCT-768x307.jpg 768w, https:\/\/www.thelatemgallery.eu\/wp-content\/uploads\/2017\/09\/ArtworkCT.jpg 1500w\" sizes=\"auto, (max-width: 525px) 100vw, 525px\" \/><\/a><\/p>\n","protected":false},"excerpt":{"rendered":"<p>Catherine Thiry \u00b0 Belgium 1962 Apr\u00e8s s\u2019\u00eatre consacr\u00e9e 20 ann\u00e9es (depuis 1986) \u00a0\u00e0 la peinture, dans la continuit\u00e9 de son parcours, Catherine Thiry s\u2019est mise au volume. Depuis 2004, elle travaille la terre pour produire des bronzes. La forme se veut juste, le volume puissant, le relief \u00e9mouvant. Catherine Thiry est dans la sinc\u00e9rit\u00e9 absolue. &hellip; <\/p>\n<p class=\"link-more\"><a href=\"https:\/\/www.thelatemgallery.eu\/?page_id=1065\" class=\"more-link\">Continue reading<span class=\"screen-reader-text\"> &#8220;About Catherine Thiry_FR&#8221;<\/span><\/a><\/p>\n","protected":false},"author":3411,"featured_media":0,"parent":0,"menu_order":0,"comment_status":"closed","ping_status":"closed","template":"","meta":{"footnotes":""},"class_list":["post-1065","page","type-page","status-publish","hentry"],"_links":{"self":[{"href":"https:\/\/www.thelatemgallery.eu\/index.php?rest_route=\/wp\/v2\/pages\/1065","targetHints":{"allow":["GET"]}}],"collection":[{"href":"https:\/\/www.thelatemgallery.eu\/index.php?rest_route=\/wp\/v2\/pages"}],"about":[{"href":"https:\/\/www.thelatemgallery.eu\/index.php?rest_route=\/wp\/v2\/types\/page"}],"author":[{"embeddable":true,"href":"https:\/\/www.thelatemgallery.eu\/index.php?rest_route=\/wp\/v2\/users\/3411"}],"replies":[{"embeddable":true,"href":"https:\/\/www.thelatemgallery.eu\/index.php?rest_route=%2Fwp%2Fv2%2Fcomments&post=1065"}],"version-history":[{"count":4,"href":"https:\/\/www.thelatemgallery.eu\/index.php?rest_route=\/wp\/v2\/pages\/1065\/revisions"}],"predecessor-version":[{"id":1686,"href":"https:\/\/www.thelatemgallery.eu\/index.php?rest_route=\/wp\/v2\/pages\/1065\/revisions\/1686"}],"wp:attachment":[{"href":"https:\/\/www.thelatemgallery.eu\/index.php?rest_route=%2Fwp%2Fv2%2Fmedia&parent=1065"}],"curies":[{"name":"wp","href":"https:\/\/api.w.org\/{rel}","templated":true}]}}