{"id":1159,"date":"2017-09-15T08:55:59","date_gmt":"2017-09-15T08:55:59","guid":{"rendered":"https:\/\/www.thelatemgallery.eu\/?page_id=1159"},"modified":"2017-09-22T08:23:45","modified_gmt":"2017-09-22T08:23:45","slug":"about-bruno-mallart_fr","status":"publish","type":"page","link":"https:\/\/www.thelatemgallery.eu\/?page_id=1159","title":{"rendered":"About Bruno Mallart_FR"},"content":{"rendered":"<p><strong>Bruno Mallart \u00b0<\/strong>France 1963<\/p>\n<p><img loading=\"lazy\" decoding=\"async\" class=\"alignnone size-full wp-image-706\" src=\"https:\/\/www.thelatemgallery.eu\/wp-content\/uploads\/2017\/09\/fr.png\" alt=\"\" width=\"28\" height=\"28\" \/>Apr\u00e8s avoir suivi les cours de l\u2019Ecole Sup\u00e9rieure d\u2019Arts Graphiques Penninghen, plut\u00f4t orient\u00e9e vers le graphisme et la photo, Bruno Mallart se tourne d\u00e8s 1986 vers l\u2019illustration. En 1989, il int\u00e8gre le groupe France-Illustration et r\u00e9alise pendant des ann\u00e9es des illustrations dans un style plut\u00f4t r\u00e9aliste, \u00e0 l\u2019aquarelle et \u00e0 la plume. A la fin des ann\u00e9es 1990, Bruno Mallart va d\u00e9velopper une \u00e9criture bien diff\u00e9rente : peinture, aquarelle, crayon et\u00a0collages sur des supports divers tels que bo\u00eetes, planches et objets, se m\u00ealant pour donner vie \u00e0 un univers loufoque o\u00f9 des poivrons volants croisent des personnages encriers&#8230; La d\u00e9couverte de \u201cPhotoshop\u201d va lui offrir alors de nombreuses pistes de figuration et de mise en oeuvre de ses images&#8230;\u00a0 Son travail est principalement publi\u00e9 dans des magazines (T\u00e9l\u00e9rama, Courrier International, Le Monde, The New York Times, The Wall Street Journal&#8230;).<br \/>\nDepuis peu, Bruno Mallart r\u00e9alise des estampes, \u00e9preuves pigmentaires \u00e9dit\u00e9es par l\u2019Atelier Franck Bordas (qui r\u00e9alise entre autres les estampes d\u2019Ernest Pignon Ernest, Garouste ou Enki Bilal&#8230;). Ce \u201cpatchwork\u201d de dessin, peinture, collage prend une toute autre dimension. Son travail n\u2019est plus illustration au sein d\u2019un magazine mais une oeuvre \u00e0 part enti\u00e8re tir\u00e9e en \u00e9dition originale. Les grands formats gagnent en force et en myst\u00e8re. Son \u201cJardin des d\u00e9lires\u201d est un bel exemple de la fervente imagination de cet artiste aux multiples facettes&#8230;<a href=\"http:\/\/www.galeriebayart.fr\/Art_Contemporain\/1_art_contemporain_mallart_v4a_mobilier.html\">Edition du premier catalogue des oeuvres de Bruno Mallart<\/a>\u00a0en f\u00e9vrier 2015&#8230;.<\/p>\n<p>&nbsp;<\/p>\n<p style=\"text-align: center;\"><a href=\"https:\/\/www.thelatemgallery.eu\/?page_id=1163\"><strong>BRUNO IN MALLARDOLAND:<\/strong><strong> I<\/strong><strong><em>nterview by Karen Haber &#8211; Realms of Fantasy<\/em><\/strong><\/a><\/p>\n<p><a href=\"https:\/\/www.thelatemgallery.eu\/?page_id=257\"><img loading=\"lazy\" decoding=\"async\" class=\"alignnone size-large wp-image-1647\" src=\"https:\/\/www.thelatemgallery.eu\/wp-content\/uploads\/2017\/09\/ArtworkBM-1024x410.jpg\" alt=\"\" width=\"525\" height=\"210\" srcset=\"https:\/\/www.thelatemgallery.eu\/wp-content\/uploads\/2017\/09\/ArtworkBM-1024x410.jpg 1024w, https:\/\/www.thelatemgallery.eu\/wp-content\/uploads\/2017\/09\/ArtworkBM-300x120.jpg 300w, https:\/\/www.thelatemgallery.eu\/wp-content\/uploads\/2017\/09\/ArtworkBM-768x307.jpg 768w, https:\/\/www.thelatemgallery.eu\/wp-content\/uploads\/2017\/09\/ArtworkBM.jpg 1500w\" sizes=\"auto, (max-width: 525px) 100vw, 525px\" \/><\/a><\/p>\n<p><img loading=\"lazy\" decoding=\"async\" class=\"aligncenter wp-image-1178 size-full\" src=\"https:\/\/www.thelatemgallery.eu\/wp-content\/uploads\/2017\/09\/14720523_1191425620932937_6289927626076227574_n.jpg\" alt=\"\" width=\"830\" height=\"705\" srcset=\"https:\/\/www.thelatemgallery.eu\/wp-content\/uploads\/2017\/09\/14720523_1191425620932937_6289927626076227574_n.jpg 830w, https:\/\/www.thelatemgallery.eu\/wp-content\/uploads\/2017\/09\/14720523_1191425620932937_6289927626076227574_n-300x255.jpg 300w, https:\/\/www.thelatemgallery.eu\/wp-content\/uploads\/2017\/09\/14720523_1191425620932937_6289927626076227574_n-768x652.jpg 768w\" sizes=\"auto, (max-width: 706px) 89vw, (max-width: 767px) 82vw, 740px\" \/><\/p>\n","protected":false},"excerpt":{"rendered":"<p>Bruno Mallart \u00b0France 1963 Apr\u00e8s avoir suivi les cours de l\u2019Ecole Sup\u00e9rieure d\u2019Arts Graphiques Penninghen, plut\u00f4t orient\u00e9e vers le graphisme et la photo, Bruno Mallart se tourne d\u00e8s 1986 vers l\u2019illustration. En 1989, il int\u00e8gre le groupe France-Illustration et r\u00e9alise pendant des ann\u00e9es des illustrations dans un style plut\u00f4t r\u00e9aliste, \u00e0 l\u2019aquarelle et \u00e0 la &hellip; <\/p>\n<p class=\"link-more\"><a href=\"https:\/\/www.thelatemgallery.eu\/?page_id=1159\" class=\"more-link\">Continue reading<span class=\"screen-reader-text\"> &#8220;About Bruno Mallart_FR&#8221;<\/span><\/a><\/p>\n","protected":false},"author":3411,"featured_media":0,"parent":0,"menu_order":0,"comment_status":"closed","ping_status":"closed","template":"","meta":{"footnotes":""},"class_list":["post-1159","page","type-page","status-publish","hentry"],"_links":{"self":[{"href":"https:\/\/www.thelatemgallery.eu\/index.php?rest_route=\/wp\/v2\/pages\/1159","targetHints":{"allow":["GET"]}}],"collection":[{"href":"https:\/\/www.thelatemgallery.eu\/index.php?rest_route=\/wp\/v2\/pages"}],"about":[{"href":"https:\/\/www.thelatemgallery.eu\/index.php?rest_route=\/wp\/v2\/types\/page"}],"author":[{"embeddable":true,"href":"https:\/\/www.thelatemgallery.eu\/index.php?rest_route=\/wp\/v2\/users\/3411"}],"replies":[{"embeddable":true,"href":"https:\/\/www.thelatemgallery.eu\/index.php?rest_route=%2Fwp%2Fv2%2Fcomments&post=1159"}],"version-history":[{"count":7,"href":"https:\/\/www.thelatemgallery.eu\/index.php?rest_route=\/wp\/v2\/pages\/1159\/revisions"}],"predecessor-version":[{"id":1690,"href":"https:\/\/www.thelatemgallery.eu\/index.php?rest_route=\/wp\/v2\/pages\/1159\/revisions\/1690"}],"wp:attachment":[{"href":"https:\/\/www.thelatemgallery.eu\/index.php?rest_route=%2Fwp%2Fv2%2Fmedia&parent=1159"}],"curies":[{"name":"wp","href":"https:\/\/api.w.org\/{rel}","templated":true}]}}