{"id":12,"date":"2017-09-04T10:11:30","date_gmt":"2017-09-04T10:11:30","guid":{"rendered":"http:\/\/www.thelatemgallery.eu\/?page_id=12"},"modified":"2025-03-11T19:38:03","modified_gmt":"2025-03-11T19:38:03","slug":"news","status":"publish","type":"page","link":"https:\/\/www.thelatemgallery.eu\/?page_id=12","title":{"rendered":"NEWS"},"content":{"rendered":"\n<h1 class=\"wp-block-heading\">PATRICK VILLAS \u2013 KUNSTBOEK \u2018THE BROKEN BOWL\u2019<\/h1>\n\n\n\n<figure class=\"wp-block-image\"><img decoding=\"async\" src=\"https:\/\/i0.wp.com\/patrickvillas.com\/wp-content\/uploads\/2022\/11\/Featured-Image-template-boek.jpg?resize=760%2C429&amp;ssl=1\" alt=\"\" class=\"wp-image-13436\"\/><\/figure>\n\n\n\n<figure class=\"wp-block-image\"><img decoding=\"async\" src=\"https:\/\/i0.wp.com\/patrickvillas.com\/wp-content\/uploads\/2022\/11\/TBB-Cover.jpg?resize=760%2C1002&amp;ssl=1\" alt=\"\" class=\"wp-image-13408\"\/><figcaption class=\"wp-element-caption\"><em>View of the cover \u2013 Scroll down for some sample interior pages<\/em><\/figcaption><\/figure>\n\n\n\n<h3 class=\"wp-block-heading\"><strong>Nieuw kunstboek door Marc Pairon \u201cThe Broken Bowl\u201d<br>\u2013 omvat een overzicht van meer dan 30 jaar van het \u0153uvre van Patrick Villas<\/strong><\/h3>\n\n\n\n<p>Boek 352 pagina\u2019s \u2013 in 3 talen (FR-ENG-NL)<br>Auteur : Marc Pairon<br>Formaat gesloten : 24,5 x 31 cm \u2013 open : 51 x 31 cm<br>180 kleurenfoto\u2019s \u2013 Fotograaf : Dominique Provost<br>Editeur Fondation Charles Catteau<\/p>\n\n\n\n<h2 class=\"wp-block-heading\"><strong>LANCERINGS AANBIEDING:<\/strong><\/h2>\n\n\n\n<p>Bestel uw exemplaar van het kunstboek vanaf nu aan de<strong>&nbsp;lanceringsprijs van 60\u20ac<\/strong>&nbsp;ipv 75\u20ac (exclusief verzendingskosten Belgi\u00eb)<\/p>\n\n\n\n<p>Bestel de luxe editie met een Fine Art Print editie 30 ex. (zie onderstaand) aan de&nbsp;<strong>lanceringsprijs van 199\u20ac<\/strong>&nbsp;ipv234\u20ac (inclusief verzendingskosten Belgi\u00eb). Elke Fine Art Print is getekend en genummerd \u2013 30 exemplaren \u2013 afmeting 21,9 x 29,7cm<\/p>\n\n\n\n<p>Bestel het kunstboek met het ensemble van de 4 Fine Art Prints aan de&nbsp;<strong>lanceringsprijs van 600\u20ac<\/strong>&nbsp;ipv 711\u20ac (inclusief verzendingskosten Belgi\u00eb).<\/p>\n\n\n\n<p><strong>Voor bestelling<\/strong>, stuur ons een e-mail: &nbsp;<a href=\"mailto:villas@telenet.be\">am. vanpachterbeke@gmail.com<\/a>.<\/p>\n\n\n\n<h2 class=\"wp-block-heading\"><strong>New art book by Marc Pairon \u201cThe Broken Bowl\u201d<\/strong><br><strong>\u2013 spans over 30 years of Patrick Villas\u2019 oeuvre<\/strong><\/h2>\n\n\n\n<p>Book 352 pages \u2013 in 3 languages (FR-ENG-NL)<br>Author Marc Pairon<br>Size closed : 24.5 x 31 cm \u2013 open : 51 x 31 cm<br>180 color photos \u2013 Photographer: Dominique Provost<br>Publisher Charles Catteau Foundation<\/p>\n\n\n\n<h2 class=\"wp-block-heading\"><strong>LAUNCH OFFER<\/strong>:<\/h2>\n\n\n\n<p>Order the art book now for<strong>&nbsp;launch price 60\u20ac<\/strong>&nbsp;instead of 75\u20ac (excl. shipping cost Belgium \u2013 7\u20ac) \u2013 free shipping Belgium starting from 2 books.<\/p>\n\n\n\n<p>Order the luxury launch edition including a Fine Art Print, signed and numbered 1\/30<br>Fine Art Print 21,9 x 29,7cm \u2013 pigment ink print on fine art paper for&nbsp;<strong>launch price 199\u20ac&nbsp;<\/strong>instead of 234\u20ac (free shipping Belgium).<br><br>Order the art book and a set of all 4 Fine Art Prints for&nbsp;<strong>launch price 600\u20ac<\/strong>&nbsp;instead of 711\u20ac (free shipping Belgium).<\/p>\n\n\n\n<p>To order, please send us an e-mail at :&nbsp; am.vanpachterbeke@gmail.com .<\/p>\n\n\n\n<h3 class=\"wp-block-heading\"><strong>Nouveau livre d\u2019art de Marc Pairon \u201cThe Broken Bowl\u201d<br>\u2013 couvre plus de 30 ans de l\u2019\u0153uvre de Patrick Villas<\/strong><\/h3>\n\n\n\n<p>Livre 352 pages \u2013 en 3 langues (FR-ENG-NL)<br>Auteur : Marc Pairon<br>Format ferm\u00e9 : 24,5 x 31 cm \u2013 ouvert : 51 x 31 cm<br>180 photos couleur \u2013 Photographe : Dominique Provost<br>Editeur Fondation Charles Catteau<\/p>\n\n\n\n<hr class=\"wp-block-separator has-alpha-channel-opacity\"\/>\n\n\n\n<h2 class=\"wp-block-heading\"><strong>TARIFS PR\u00c9F\u00c9RENTIELS POUR LA SORTIE DE L\u2019OUVRAGE:<\/strong><\/h2>\n\n\n\n<p>Commandez le livre d\u2019art d\u00e8s maintenant&nbsp;<strong>pour 60\u20ac&nbsp;<\/strong>au lieu de 75\u20ac (hors frais de port Belgique \u2013 7\u20ac) \u2013 frais de port offerts \u00e0 partir de 2 livres.<\/p>\n\n\n\n<p>Commandez l\u2019\u00e9dition de luxe de lancement comprenant une estampe pigmentaire&nbsp;<strong>au prix de 199\u20ac<\/strong>&nbsp;au lieu de 234\u20ac (frais de port offerts) Chaque estampe pigmentaire est sign\u00e9e et num\u00e9rot\u00e9e 1\/30 \u2013 dim. 21,9 x 29,7cm \u2013 \u00e9dition encre pigmentaire sur papier d\u2019art .<\/p>\n\n\n\n<p>Commandez le livre d\u2019art et l\u2019ensemble des 4 estampes pigmentaires&nbsp;<strong>au prix de 600\u20ac<\/strong>&nbsp;au lieu de 711\u20ac (frais de port offerts).<\/p>\n\n\n\n<p>Pour commander, envoyez-nous un e-mail \u00e0 :&nbsp;<a href=\"mailto:villas@telenet.be\">am. vanpachterbeke@gmail.com<\/a>.<\/p>\n\n\n\n<h2 class=\"wp-block-heading\"><strong>FINE ART PRINTS \u2013 30 EX.<\/strong><\/h2>\n\n\n\n<p>Maak uw keuze uit de 4 verschillende Fine Art Prints\/Choose between 4 different Fine Art Prints \/ Faites votre choix parmi les 4 estampes pigmentaires<\/p>\n\n\n\n<figure class=\"wp-block-image\"><img decoding=\"async\" src=\"https:\/\/i0.wp.com\/patrickvillas.com\/wp-content\/uploads\/2022\/11\/Estampe-TBB-Cheetah.jpg?resize=760%2C569&amp;ssl=1\" alt=\"\" class=\"wp-image-13458\"\/><figcaption class=\"wp-element-caption\">Fine Art Print Nr 1 \u201cCheetah\u201d signed and numbered 1\/30 \u2013 29,7 x 21,9 cm<\/figcaption><\/figure>\n\n\n\n<figure class=\"wp-block-image\"><img decoding=\"async\" src=\"https:\/\/i0.wp.com\/patrickvillas.com\/wp-content\/uploads\/2022\/11\/Estampe-TBB-Panthere.jpg?resize=760%2C560&amp;ssl=1\" alt=\"\" class=\"wp-image-13459\"\/><figcaption class=\"wp-element-caption\">Fine Art Print Nr 2 \u201cPanth\u00e8re\u201d signed and numbered 1\/30 \u2013 29,7 x 21,9 cm<\/figcaption><\/figure>\n\n\n\n<figure class=\"wp-block-image\"><img decoding=\"async\" src=\"https:\/\/i0.wp.com\/patrickvillas.com\/wp-content\/uploads\/2022\/11\/Estampe-TBB-Leopard.jpg?resize=575%2C768&amp;ssl=1\" alt=\"\" class=\"wp-image-13457\"\/><figcaption class=\"wp-element-caption\">Fine Art Print Nr 3 \u201cL\u00e9opard\u201d signed and numbered 1\/30 \u2013 29,7 x 21,9 cm<\/figcaption><\/figure>\n\n\n\n<figure class=\"wp-block-image\"><img decoding=\"async\" src=\"https:\/\/i0.wp.com\/patrickvillas.com\/wp-content\/uploads\/2022\/11\/Estampe-TBB-Tigre-Royale.jpg?resize=760%2C577&amp;ssl=1\" alt=\"\" class=\"wp-image-13460\"\/><figcaption class=\"wp-element-caption\">Fine Art Print Nr 4 \u201cTigre Royale\u201d signed and numbered 1\/30 \u2013 29,7 x 21,9 cm<\/figcaption><\/figure>\n\n\n\n<hr class=\"wp-block-separator has-alpha-channel-opacity\"\/>\n\n\n\n<figure class=\"wp-block-image\"><img decoding=\"async\" src=\"https:\/\/i0.wp.com\/patrickvillas.com\/wp-content\/uploads\/2022\/11\/Example-page-230-231.jpg?resize=760%2C471&amp;ssl=1\" alt=\"\" class=\"wp-image-13425\"\/><figcaption class=\"wp-element-caption\">Sample interior pages \u2013 \u00a9 photos Marc Pairon &amp; Dominique Provost. Click to enlarge.<\/figcaption><\/figure>\n\n\n\n<figure class=\"wp-block-image\"><img decoding=\"async\" src=\"https:\/\/i2.wp.com\/patrickvillas.com\/wp-content\/uploads\/2022\/11\/Example-page-176-177-1024x636.jpg?ssl=1\" alt=\"\"\/><\/figure>\n\n\n\n<figure class=\"wp-block-image\"><img decoding=\"async\" src=\"https:\/\/i0.wp.com\/patrickvillas.com\/wp-content\/uploads\/2022\/11\/Example-page-164-165-1024x634.jpg?ssl=1\" alt=\"\"\/><\/figure>\n\n\n\n<figure class=\"wp-block-image\"><img decoding=\"async\" src=\"https:\/\/i1.wp.com\/patrickvillas.com\/wp-content\/uploads\/2022\/11\/Example-page-162-163-1024x635.jpg?ssl=1\" alt=\"\"\/><\/figure>\n\n\n\n<figure class=\"wp-block-image\"><img decoding=\"async\" src=\"https:\/\/i1.wp.com\/patrickvillas.com\/wp-content\/uploads\/2022\/11\/Example-page-222-223-1024x634.jpg?ssl=1\" alt=\"\"\/><\/figure>\n\n\n\n<figure class=\"wp-block-image\"><img decoding=\"async\" src=\"https:\/\/i0.wp.com\/patrickvillas.com\/wp-content\/uploads\/2022\/11\/Example-page-282-283-1024x635.jpg?ssl=1\" alt=\"\"\/><\/figure>\n\n\n\n<figure class=\"wp-block-image\"><img decoding=\"async\" src=\"https:\/\/i2.wp.com\/patrickvillas.com\/wp-content\/uploads\/2022\/11\/Example-page-246-247-1024x633.jpg?ssl=1\" alt=\"\"\/><\/figure>\n\n\n\n<figure class=\"wp-block-image\"><img decoding=\"async\" src=\"https:\/\/i1.wp.com\/patrickvillas.com\/wp-content\/uploads\/2022\/11\/TBB-binnenkaft-1-1024x632.jpg?ssl=1\" alt=\"\"\/><\/figure>\n\n\n<h4>&nbsp;<\/h4>\n<h4>&nbsp;<\/h4>\n<h4>&nbsp;<\/h4>","protected":false},"excerpt":{"rendered":"<p>PATRICK VILLAS \u2013 KUNSTBOEK \u2018THE BROKEN BOWL\u2019 Nieuw kunstboek door Marc Pairon \u201cThe Broken Bowl\u201d\u2013 omvat een overzicht van meer dan 30 jaar van het \u0153uvre van Patrick Villas Boek 352 pagina\u2019s \u2013 in 3 talen (FR-ENG-NL)Auteur : Marc PaironFormaat gesloten : 24,5 x 31 cm \u2013 open : 51 x 31 cm180 kleurenfoto\u2019s \u2013 &hellip; <\/p>\n<p class=\"link-more\"><a href=\"https:\/\/www.thelatemgallery.eu\/?page_id=12\" class=\"more-link\">Continue reading<span class=\"screen-reader-text\"> &#8220;NEWS&#8221;<\/span><\/a><\/p>\n","protected":false},"author":3411,"featured_media":0,"parent":0,"menu_order":0,"comment_status":"closed","ping_status":"closed","template":"","meta":{"footnotes":""},"class_list":["post-12","page","type-page","status-publish","hentry"],"_links":{"self":[{"href":"https:\/\/www.thelatemgallery.eu\/index.php?rest_route=\/wp\/v2\/pages\/12","targetHints":{"allow":["GET"]}}],"collection":[{"href":"https:\/\/www.thelatemgallery.eu\/index.php?rest_route=\/wp\/v2\/pages"}],"about":[{"href":"https:\/\/www.thelatemgallery.eu\/index.php?rest_route=\/wp\/v2\/types\/page"}],"author":[{"embeddable":true,"href":"https:\/\/www.thelatemgallery.eu\/index.php?rest_route=\/wp\/v2\/users\/3411"}],"replies":[{"embeddable":true,"href":"https:\/\/www.thelatemgallery.eu\/index.php?rest_route=%2Fwp%2Fv2%2Fcomments&post=12"}],"version-history":[{"count":31,"href":"https:\/\/www.thelatemgallery.eu\/index.php?rest_route=\/wp\/v2\/pages\/12\/revisions"}],"predecessor-version":[{"id":3359,"href":"https:\/\/www.thelatemgallery.eu\/index.php?rest_route=\/wp\/v2\/pages\/12\/revisions\/3359"}],"wp:attachment":[{"href":"https:\/\/www.thelatemgallery.eu\/index.php?rest_route=%2Fwp%2Fv2%2Fmedia&parent=12"}],"curies":[{"name":"wp","href":"https:\/\/api.w.org\/{rel}","templated":true}]}}