{"id":1500,"date":"2017-09-17T10:36:34","date_gmt":"2017-09-17T10:36:34","guid":{"rendered":"https:\/\/www.thelatemgallery.eu\/?page_id=1500"},"modified":"2017-09-22T09:23:20","modified_gmt":"2017-09-22T09:23:20","slug":"about-christina-jekey_fr","status":"publish","type":"page","link":"https:\/\/www.thelatemgallery.eu\/?page_id=1500","title":{"rendered":"About Christina J\u00e9key_FR"},"content":{"rendered":"<p><strong>Christina Jekey<\/strong> &#8211; \u00b01962 Belgium<\/p>\n<p><img loading=\"lazy\" decoding=\"async\" class=\"alignnone size-full wp-image-706\" src=\"https:\/\/www.thelatemgallery.eu\/wp-content\/uploads\/2017\/09\/fr.png\" alt=\"\" width=\"28\" height=\"28\" \/>D\u2019origine hongroise, Christina J\u00e9key est n\u00e9e \u00e0 Bruxelles en 1962. Artiste depuis toujours, sa passion la conduit en 2002 \u00e0 l\u2019Academie Royale des Arts de Bruxelles o\u00f9 elle obtient sa licence avec \u00ab\u00a0Grande Distinction\u00a0\u00bb.<\/p>\n<p>&#8220;Exploratrice inlassable des multiples possibilit\u00e9s qu\u2019offrent des mat\u00e9riaux divers, tels que le bois, le m\u00e9tal, la pierre, le plexiglass et le verre. Christina J\u00e9key occupe l\u2019espace d\u2019une fa\u00e7on intense. Elle d\u00e9busque toutes les possibilit\u00e9s du mat\u00e9riau d\u2019origine et lui invente une nouvelle vie. Elle \u00e9labore une \u0153uvre exigeante, m\u00e9ditative, qui interroge les lois de l\u2019univers, et qui dans la lign\u00e9e de certains grands sculpteurs contemporains, ose aussi, tout simplement, affirmer la beaut\u00e9. Ses \u0153uvres nous facinent et nous offrent ce qu\u2019on appelle un suppl\u00e9ment d\u2019\u00e2me, sans aucun compromis\u00a0\u00bb.<strong> Jo Dustin.<\/strong><\/p>\n<p><a href=\"https:\/\/www.thelatemgallery.eu\/?page_id=617\"><img loading=\"lazy\" decoding=\"async\" class=\"alignnone size-large wp-image-1649\" src=\"https:\/\/www.thelatemgallery.eu\/wp-content\/uploads\/2017\/09\/Artwork-1024x410.jpg\" alt=\"\" width=\"525\" height=\"210\" srcset=\"https:\/\/www.thelatemgallery.eu\/wp-content\/uploads\/2017\/09\/Artwork-1024x410.jpg 1024w, https:\/\/www.thelatemgallery.eu\/wp-content\/uploads\/2017\/09\/Artwork-300x120.jpg 300w, https:\/\/www.thelatemgallery.eu\/wp-content\/uploads\/2017\/09\/Artwork-768x307.jpg 768w, https:\/\/www.thelatemgallery.eu\/wp-content\/uploads\/2017\/09\/Artwork.jpg 1500w\" sizes=\"auto, (max-width: 525px) 100vw, 525px\" \/><\/a><\/p>\n","protected":false},"excerpt":{"rendered":"<p>Christina Jekey &#8211; \u00b01962 Belgium D\u2019origine hongroise, Christina J\u00e9key est n\u00e9e \u00e0 Bruxelles en 1962. Artiste depuis toujours, sa passion la conduit en 2002 \u00e0 l\u2019Academie Royale des Arts de Bruxelles o\u00f9 elle obtient sa licence avec \u00ab\u00a0Grande Distinction\u00a0\u00bb. &#8220;Exploratrice inlassable des multiples possibilit\u00e9s qu\u2019offrent des mat\u00e9riaux divers, tels que le bois, le m\u00e9tal, la &hellip; <\/p>\n<p class=\"link-more\"><a href=\"https:\/\/www.thelatemgallery.eu\/?page_id=1500\" class=\"more-link\">Continue reading<span class=\"screen-reader-text\"> &#8220;About Christina J\u00e9key_FR&#8221;<\/span><\/a><\/p>\n","protected":false},"author":3411,"featured_media":0,"parent":0,"menu_order":0,"comment_status":"closed","ping_status":"closed","template":"","meta":{"footnotes":""},"class_list":["post-1500","page","type-page","status-publish","hentry"],"_links":{"self":[{"href":"https:\/\/www.thelatemgallery.eu\/index.php?rest_route=\/wp\/v2\/pages\/1500","targetHints":{"allow":["GET"]}}],"collection":[{"href":"https:\/\/www.thelatemgallery.eu\/index.php?rest_route=\/wp\/v2\/pages"}],"about":[{"href":"https:\/\/www.thelatemgallery.eu\/index.php?rest_route=\/wp\/v2\/types\/page"}],"author":[{"embeddable":true,"href":"https:\/\/www.thelatemgallery.eu\/index.php?rest_route=\/wp\/v2\/users\/3411"}],"replies":[{"embeddable":true,"href":"https:\/\/www.thelatemgallery.eu\/index.php?rest_route=%2Fwp%2Fv2%2Fcomments&post=1500"}],"version-history":[{"count":8,"href":"https:\/\/www.thelatemgallery.eu\/index.php?rest_route=\/wp\/v2\/pages\/1500\/revisions"}],"predecessor-version":[{"id":1734,"href":"https:\/\/www.thelatemgallery.eu\/index.php?rest_route=\/wp\/v2\/pages\/1500\/revisions\/1734"}],"wp:attachment":[{"href":"https:\/\/www.thelatemgallery.eu\/index.php?rest_route=%2Fwp%2Fv2%2Fmedia&parent=1500"}],"curies":[{"name":"wp","href":"https:\/\/api.w.org\/{rel}","templated":true}]}}