{"id":2239,"date":"2019-12-29T13:03:26","date_gmt":"2019-12-29T13:03:26","guid":{"rendered":"https:\/\/www.thelatemgallery.eu\/?page_id=2239"},"modified":"2019-12-29T13:03:26","modified_gmt":"2019-12-29T13:03:26","slug":"about-gerda-de-jonghe_fr","status":"publish","type":"page","link":"https:\/\/www.thelatemgallery.eu\/?page_id=2239","title":{"rendered":"About Gerda De Jonghe_FR"},"content":{"rendered":"\n<p>Solidement form\u00e9e dans des\nacad\u00e9mies, l\u2019artiste a suivi des s\u00e9minaires de c\u00e9ramistes professionnels, de\nsculpteurs et de peintres, que ce soit au pays et \u00e0 l\u2019\u00e9tranger.<br>\n&nbsp;<\/p>\n\n\n\n<p>Sa pers\u00e9v\u00e9rance et son\ntravail assidu t\u00e9moignent de ses capacit\u00e9s.<br>\n&nbsp;<\/p>\n\n\n\n<p>Les sentiments et les\nperceptions du moment suscitent sa fascination et son \u00e9motion.<\/p>\n\n\n\n<p>C\u2019est sa vie que de\npouvoir fixer ces \u00e9motions sous forme de sculptures et de peintures\u2026<\/p>\n\n\n\n<p>Elle avait 17 ans lors\nde sa premi\u00e8re exposition.<\/p>\n\n\n\n<p>Gerda aime chercher et\nexp\u00e9rimenter, mais d\u00e8s qu\u2019elle a trouv\u00e9 quelque chose de nouveau elle continue\nson chemin et aborde de nouvelles sources. D\u2019o\u00f9 la grande diversit\u00e9 d\u2019esth\u00e9tique\net de techniques. Sa th\u00e9matique n\u2019est pas toujours r\u00e9fl\u00e9chie&nbsp;; les images\ns\u2019imposent par elles-m\u00eames quand on s\u2019ouvre \u00e0 elles, dit-elle.<\/p>\n\n\n\n<p>Bien que les images\njaillissent spontan\u00e9ment, l\u2019artiste continue \u00e0 les modeler et \u00e0 leur imposer\nune forme. Beaucoup d\u2019\u0153uvres sont bas\u00e9es sur la nature sans pour autant en \u00eatre\nune copie \u00e9vidente.<\/p>\n\n\n\n<p>D\u2019autres images sont\nn\u00e9es du stress et de la tension, donnant lieu tant\u00f4t \u00e0 des structures brutes,\ntant\u00f4t dans \u00e0 une texture plus raffin\u00e9e.<\/p>\n\n\n\n<p>Elle se\nquestionne&nbsp;: qu\u2019est-ce que le bien et le mal&nbsp;? Elle d\u00e9voile le\ndernier arbre et le prot\u00e8ge en le cernant d\u2019une maison. Elle le consid\u00e8re comme\nun symbole de ce monde d\u00e9racin\u00e9.<\/p>\n\n\n\n<p>Son \u0153uvre est pure et\nuniverselle. Gerda est \u00e0 l\u2019\u00e9coute et construit son monde tel que le lui offre\nla vie, \u00e0 travers des figures g\u00e9om\u00e9triques et unies parfois, mais tout autant\nludiques comme les caprices de la nature.<\/p>\n\n\n\n<p>Ne lui collez pas\nd\u2019\u00e9tiquette, ne la mettez pas dans une case&nbsp;; elle entend rester cr\u00e9ative\nautant que possible, tenter des exp\u00e9riences et relever des d\u00e9fis.<\/p>\n\n\n\n<p>Entre-temps, ses \u0153uvres\nsont \u00e0 d\u00e9couvrir de par le monde : Hong Kong, l\u2019Am\u00e9rique, Duba\u00ef, la Suisse,\nParis, la Guadeloupe, Amsterdam\u2026<\/p>\n","protected":false},"excerpt":{"rendered":"<p>Solidement form\u00e9e dans des acad\u00e9mies, l\u2019artiste a suivi des s\u00e9minaires de c\u00e9ramistes professionnels, de sculpteurs et de peintres, que ce soit au pays et \u00e0 l\u2019\u00e9tranger. &nbsp; Sa pers\u00e9v\u00e9rance et son travail assidu t\u00e9moignent de ses capacit\u00e9s. &nbsp; Les sentiments et les perceptions du moment suscitent sa fascination et son \u00e9motion. C\u2019est sa vie que &hellip; <\/p>\n<p class=\"link-more\"><a href=\"https:\/\/www.thelatemgallery.eu\/?page_id=2239\" class=\"more-link\">Continue reading<span class=\"screen-reader-text\"> &#8220;About Gerda De Jonghe_FR&#8221;<\/span><\/a><\/p>\n","protected":false},"author":3411,"featured_media":0,"parent":0,"menu_order":0,"comment_status":"closed","ping_status":"closed","template":"","meta":{"footnotes":""},"class_list":["post-2239","page","type-page","status-publish","hentry"],"_links":{"self":[{"href":"https:\/\/www.thelatemgallery.eu\/index.php?rest_route=\/wp\/v2\/pages\/2239","targetHints":{"allow":["GET"]}}],"collection":[{"href":"https:\/\/www.thelatemgallery.eu\/index.php?rest_route=\/wp\/v2\/pages"}],"about":[{"href":"https:\/\/www.thelatemgallery.eu\/index.php?rest_route=\/wp\/v2\/types\/page"}],"author":[{"embeddable":true,"href":"https:\/\/www.thelatemgallery.eu\/index.php?rest_route=\/wp\/v2\/users\/3411"}],"replies":[{"embeddable":true,"href":"https:\/\/www.thelatemgallery.eu\/index.php?rest_route=%2Fwp%2Fv2%2Fcomments&post=2239"}],"version-history":[{"count":1,"href":"https:\/\/www.thelatemgallery.eu\/index.php?rest_route=\/wp\/v2\/pages\/2239\/revisions"}],"predecessor-version":[{"id":2240,"href":"https:\/\/www.thelatemgallery.eu\/index.php?rest_route=\/wp\/v2\/pages\/2239\/revisions\/2240"}],"wp:attachment":[{"href":"https:\/\/www.thelatemgallery.eu\/index.php?rest_route=%2Fwp%2Fv2%2Fmedia&parent=2239"}],"curies":[{"name":"wp","href":"https:\/\/api.w.org\/{rel}","templated":true}]}}